{"id":25243,"date":"2025-01-25T14:40:28","date_gmt":"2025-01-25T14:40:28","guid":{"rendered":"https:\/\/twine.vn\/?post_type=product&#038;p=25243"},"modified":"2025-01-25T14:41:54","modified_gmt":"2025-01-25T14:41:54","slug":"smirnoff","status":"publish","type":"product","link":"https:\/\/twine.vn\/index.php\/product\/smirnoff\/","title":{"rendered":"Smirnoff No.21 Vodka"},"content":{"rendered":"<p><span style=\"font-family: helvetica, arial, sans-serif;\"><strong>L\u1ecbch s\u1eed &amp; Th\u01b0\u01a1ng hi\u1ec7u<\/strong><\/span><br \/>\n<span style=\"font-family: helvetica, arial, sans-serif;\">Smirnoff l\u00e0 th\u01b0\u01a1ng hi\u1ec7u vodka n\u1ed5i ti\u1ebfng to\u00e0n c\u1ea7u, \u0111\u01b0\u1ee3c th\u00e0nh l\u1eadp t\u1eeb n\u0103m 1864 b\u1edfi Pyotr Smirnov t\u1ea1i Nga. Smirnoff No.21 Vodka l\u00e0 d\u00f2ng vodka b\u00e1n ch\u1ea1y nh\u1ea5t th\u1ebf gi\u1edbi, \u0111\u01b0\u1ee3c ch\u01b0ng c\u1ea5t theo c\u00f4ng th\u1ee9c truy\u1ec1n th\u1ed1ng, mang \u0111\u1ebfn h\u01b0\u01a1ng v\u1ecb \u00eam m\u01b0\u1ee3t v\u00e0 tinh khi\u1ebft v\u01b0\u1ee3t tr\u1ed9i.<\/span><\/p>\n<p><span style=\"font-family: helvetica, arial, sans-serif;\"><strong>\u0110\u1eb7c \u0111i\u1ec3m s\u1ea3n ph\u1ea9m<\/strong><\/span><\/p>\n<ul>\n<li><span style=\"font-family: helvetica, arial, sans-serif;\"><strong>Dung t\u00edch:<\/strong> 750ml<\/span><\/li>\n<li><span style=\"font-family: helvetica, arial, sans-serif;\"><strong>N\u1ed3ng \u0111\u1ed9 c\u1ed3n:<\/strong> 40% ABV<\/span><\/li>\n<li><span style=\"font-family: helvetica, arial, sans-serif;\"><strong>Quy tr\u00ecnh l\u1ecdc:<\/strong> \u0110\u01b0\u1ee3c l\u1ecdc qua than ho\u1ea1t t\u00ednh 10 l\u1ea7n \u0111\u1ec3 \u0111\u1ea1t \u0111\u1ed9 m\u1ecbn v\u00e0 tinh khi\u1ebft cao nh\u1ea5t<\/span><\/li>\n<li><span style=\"font-family: helvetica, arial, sans-serif;\"><strong>Xu\u1ea5t x\u1ee9:<\/strong> S\u1ea3n xu\u1ea5t t\u1ea1i nhi\u1ec1u qu\u1ed1c gia, t\u00f9y theo th\u1ecb tr\u01b0\u1eddng ph\u00e2n ph\u1ed1i<\/span><\/li>\n<\/ul>\n<p><span style=\"font-family: helvetica, arial, sans-serif;\"><strong>H\u01b0\u01a1ng v\u1ecb &amp; C\u00e1ch th\u01b0\u1edfng th\u1ee9c<\/strong><\/span><\/p>\n<ul>\n<li><span style=\"font-family: helvetica, arial, sans-serif;\"><strong>H\u01b0\u01a1ng th\u01a1m:<\/strong> Nh\u1eb9 nh\u00e0ng, tinh khi\u1ebft v\u1edbi ch\u00fat g\u1ee3i \u00fd c\u1ee7a ng\u0169 c\u1ed1c<\/span><\/li>\n<li><span style=\"font-family: helvetica, arial, sans-serif;\"><strong>V\u1ecb:<\/strong> \u00cam d\u1ecbu, thanh khi\u1ebft v\u1edbi ch\u00fat cay nh\u1eb9 n\u01a1i h\u1eadu v\u1ecb<\/span><\/li>\n<li><span style=\"font-family: helvetica, arial, sans-serif;\"><strong>C\u00e1ch th\u01b0\u1edfng th\u1ee9c:<\/strong><\/span>\n<ul>\n<li><span style=\"font-family: helvetica, arial, sans-serif;\">U\u1ed1ng tr\u1ef1c ti\u1ebfp v\u1edbi \u0111\u00e1<\/span><\/li>\n<li><span style=\"font-family: helvetica, arial, sans-serif;\">Pha ch\u1ebf cocktail n\u1ed5i ti\u1ebfng nh\u01b0 Moscow Mule, Bloody Mary, Martini<\/span><\/li>\n<\/ul>\n<\/li>\n<\/ul>\n<p><span style=\"font-family: helvetica, arial, sans-serif;\"><strong>R\u01b0\u1ee3u Ngo\u1ea1i Twine \u2013 Nh\u00e0 ph\u00e2n ph\u1ed1i uy t\u00edn<\/strong><\/span><\/p>\n<ul>\n<li><span style=\"font-family: helvetica, arial, sans-serif;\"><strong>\u0110\u1ecba ch\u1ec9:<\/strong> 144, \u0110\u01b0\u1eddng D1, KDC Ph\u00fa H\u00f2a 1, TP. Th\u1ee7 D\u1ea7u M\u1ed9t, B\u00ecnh D\u01b0\u01a1ng<\/span><\/li>\n<li><span style=\"font-family: helvetica, arial, sans-serif;\"><strong>Hotline:<\/strong> 0989.819.859 \u2013 0898.683.465<\/span><\/li>\n<li><span style=\"font-family: helvetica, arial, sans-serif;\"><strong>Fanpage:<\/strong> fb.com\/ruoungoaitwine | fb.com\/ruouvangtwine<\/span><\/li>\n<\/ul>\n<p><span style=\"font-family: helvetica, arial, sans-serif;\"><strong>Twine \u2013 Ch\u1ea5t l\u01b0\u1ee3ng v\u00e0 \u0111\u1eb3ng c\u1ea5p trong t\u1eebng gi\u1ecdt r\u01b0\u1ee3u!<\/strong><\/span><\/p>\n","protected":false},"excerpt":{"rendered":"<p><span style=\"font-family: helvetica, arial, sans-serif;\">Smirnoff l\u00e0 th\u01b0\u01a1ng hi\u1ec7u vodka n\u1ed5i ti\u1ebfng to\u00e0n c\u1ea7u, \u0111\u01b0\u1ee3c th\u00e0nh l\u1eadp t\u1eeb n\u0103m 1864 b\u1edfi Pyotr Smirnov t\u1ea1i Nga. Smirnoff No.21 Vodka l\u00e0 d\u00f2ng vodka b\u00e1n ch\u1ea1y nh\u1ea5t th\u1ebf gi\u1edbi, \u0111\u01b0\u1ee3c ch\u01b0ng c\u1ea5t theo c\u00f4ng th\u1ee9c truy\u1ec1n th\u1ed1ng, mang \u0111\u1ebfn h\u01b0\u01a1ng v\u1ecb \u00eam m\u01b0\u1ee3t v\u00e0 tinh khi\u1ebft v\u01b0\u1ee3t tr\u1ed9i.<\/span><\/p>\n","protected":false},"featured_media":25247,"comment_status":"open","ping_status":"closed","template":"","meta":[],"product_cat":[159],"product_tag":[],"class_list":{"0":"post-25243","1":"product","2":"type-product","3":"status-publish","4":"has-post-thumbnail","6":"product_cat-vodka","9":"first","10":"instock","11":"shipping-taxable","12":"product-type-simple"},"_links":{"self":[{"href":"https:\/\/twine.vn\/index.php\/wp-json\/wp\/v2\/product\/25243","targetHints":{"allow":["GET"]}}],"collection":[{"href":"https:\/\/twine.vn\/index.php\/wp-json\/wp\/v2\/product"}],"about":[{"href":"https:\/\/twine.vn\/index.php\/wp-json\/wp\/v2\/types\/product"}],"replies":[{"embeddable":true,"href":"https:\/\/twine.vn\/index.php\/wp-json\/wp\/v2\/comments?post=25243"}],"wp:featuredmedia":[{"embeddable":true,"href":"https:\/\/twine.vn\/index.php\/wp-json\/wp\/v2\/media\/25247"}],"wp:attachment":[{"href":"https:\/\/twine.vn\/index.php\/wp-json\/wp\/v2\/media?parent=25243"}],"wp:term":[{"taxonomy":"product_cat","embeddable":true,"href":"https:\/\/twine.vn\/index.php\/wp-json\/wp\/v2\/product_cat?post=25243"},{"taxonomy":"product_tag","embeddable":true,"href":"https:\/\/twine.vn\/index.php\/wp-json\/wp\/v2\/product_tag?post=25243"}],"curies":[{"name":"wp","href":"https:\/\/api.w.org\/{rel}","templated":true}]}}